{"id":399,"date":"2018-05-24T10:49:38","date_gmt":"2018-05-24T08:49:38","guid":{"rendered":"https:\/\/trendguide.info\/?page_id=399"},"modified":"2025-01-15T15:11:19","modified_gmt":"2025-01-15T14:11:19","slug":"agb","status":"publish","type":"page","link":"https:\/\/trendguide.info\/en\/agb\/","title":{"rendered":"AGB"},"content":{"rendered":"<div class=\"cff-wrapper\"><div class=\"cff-wrapper-ctn \" ><div id=\"cff\" data-char=\"400\" class=\"cff cff-theme-default_theme cff-masonry cff-disable-liquid masonry-2-desktop cff-masonry-js cff-mob-cols-1 cff-tab-cols-1  cff-timeline-feed cff-all-reviews cff-nojs  cff-lightbox cff-lb\" style=\"width:100%; \" data-fb-text=\"Auf Facebook anzeigen\" data-offset=\"\" data-own-token=\"true\" data-grid-pag=\"cursor\" data-restricted=\"true\" data-lb-comments=\"true\" data-pag-num=\"2\" data-cff-shortcode=\"{&quot;feed&quot;: &quot;2&quot;}\" data-postid=\"399\" data-locatornonce=\"33d42e1f7e\" data-cff-theme=\"default_theme\" ><svg width=\"24px\" height=\"24px\" version=\"1.1\" xmlns=\"http:\/\/www.w3.org\/2000\/svg\" xmlns:xlink=\"http:\/\/www.w3.org\/1999\/xlink\" class=\"cff-screenreader\" role=\"img\" aria-labelledby=\"metaSVGid metaSVGdesc\"><title id=\"metaSVGid\">Comments Box SVG icons<\/title><desc id=\"metaSVGdesc\">Used for the like, share, comment, and reaction icons<\/desc><defs><linearGradient id=\"angryGrad\" x1=\"0\" x2=\"0\" y1=\"0\" y2=\"1\"><stop offset=\"0%\" stop-color=\"#f9ae9e\" \/><stop offset=\"70%\" stop-color=\"#ffe7a4\" \/><\/linearGradient><linearGradient id=\"likeGrad\"><stop offset=\"25%\" stop-color=\"rgba(0,0,0,0.05)\" \/><stop offset=\"26%\" stop-color=\"rgba(255,255,255,0.7)\" \/><\/linearGradient><linearGradient id=\"likeGradHover\"><stop offset=\"25%\" stop-color=\"#a3caff\" \/><stop offset=\"26%\" stop-color=\"#fff\" \/><\/linearGradient><linearGradient id=\"likeGradDark\"><stop offset=\"25%\" stop-color=\"rgba(255,255,255,0.5)\" \/><stop offset=\"26%\" stop-color=\"rgba(255,255,255,0.7)\" \/><\/linearGradient><\/defs><\/svg>\t\t<div class=\"cff-error-msg\">\n\t\t\t<div>\n\t\t\t<svg  aria-hidden=\"true\" focusable=\"false\" data-prefix=\"fas\" data-icon=\"lock\" role=\"img\" xmlns=\"http:\/\/www.w3.org\/2000\/svg\" viewBox=\"0 0 448 512\" class=\"svg-inline--fa fa-lock fa-w-14 \"><path fill=\"currentColor\" d=\"M400 224h-24v-72C376 68.2 307.8 0 224 0S72 68.2 72 152v72H48c-26.5 0-48 21.5-48 48v192c0 26.5 21.5 48 48 48h352c26.5 0 48-21.5 48-48V272c0-26.5-21.5-48-48-48zm-104 0H152v-72c0-39.7 32.3-72 72-72s72 32.3 72 72v72z\"><\/path><\/svg><b>This message is only visible to admins.<\/b><br\/>\n\t\t\t\tProblem displaying Facebook posts. Backup cache in use.\t\t\t\t\t\t\t\t\t<\/div>\n\t\t\t\t\t<div id=\"cff-error-reason\">\n\t\t\t\t\t\t\t\t\t\t\t\t\t<b>Error:<\/b> Error validating access token: Sessions for the user are not allowed because the user is not a confirmed user.<br\/>\n\t\t\t\t\t\t\t\t\t\t\t\t\t\t\t\t\t\t\t<b>Type:<\/b> OAuthException<br\/>\n\t\t\t\t\t\t\t\t\t\t\t\t\t\t\t\t\t\t\t\t\t\t\t\t\t\t\t\t\t\t\t\t\t\t\t\t\t\t\t\t\t\t\t\t\t\t\t\t\t\t\t\t\t\t<\/div>\n\t\t\t\t\t\t<\/div>\n\t\t\t<div class=\"cff-posts-wrap\"><\/div><span class=\"cff_resized_image_data\" data-feedid=\"cff_63655077970276365507797027624meen0000\" data-resized=\"[{&quot;media_id&quot;:&quot;636550779702762_537061965151909&quot;,&quot;facebook_id&quot;:&quot;636550779702762_537061965151909&quot;,&quot;aspect_ratio&quot;:&quot;1.00&quot;,&quot;sizes&quot;:&quot;[400,250]&quot;},{&quot;media_id&quot;:&quot;636550779702762_536362685221837&quot;,&quot;facebook_id&quot;:&quot;636550779702762_536362685221837&quot;,&quot;aspect_ratio&quot;:&quot;1.00&quot;,&quot;sizes&quot;:&quot;[400,250]&quot;}]\"><\/span><\/div><\/div><div class=\"cff-clear\"><\/div><script type=\"text\/javascript\">var cffsiteurl = \"https:\/\/trendguide.info\/wp-content\/plugins\", cfflinkhashtags = \"true\";var cffOptions = {\"placeholder\":\"https:\\\/\\\/trendguide.info\\\/wp-content\\\/plugins\\\/custom-facebook-feed-pro\\\/assets\\\/img\\\/placeholder.png\",\"resized_url\":\"https:\\\/\\\/trendguide.info\\\/wp-content\\\/uploads\\\/sb-facebook-feed-images\\\/\"};<\/script><script type=\"text\/javascript\" src=\"https:\/\/trendguide.info\/wp-content\/plugins\/custom-facebook-feed-pro\/assets\/js\/cff-scripts.min.js?ver=4.7.3\"><\/script><\/div>\n<section>\n<h4 class=\"content__title_pages\">1. Allgemeines<\/h4>\n<p>1.1. Geltungsbereich: Die allgemeinen Einschaltbedingungen gelten f\u00fcr alle Auftr\u00e4ge zur Einschaltung von Medienbeitr\u00e4gen oder Textver\u00f6ffentlichungen sowie zur Durchf\u00fchrung von Beilagenauftr\u00e4gen in trendguide Medien.<br \/>\n1.2. Als Erf\u00fcllungsort und Gerichtsstand gilt der Sitz der trendguide KG.<br \/>\n1.3. Haftung: Der Verlag ist nicht verpflichtet Einschaltungen auf ihren Inhalt hin zu \u00fcberpr\u00fcfen. Hierf\u00fcr tr\u00e4gt der Auftraggeber die volle Haftung. Gleichzeitig versichert der Auftraggeber in vollem Umfang die unbeschr\u00e4nkten Ver\u00f6ffentlichungsrechte der gestalteten Vorlagen, verbunden auch mit dem Recht der Bearbeitung f\u00fcr die crossmediale Nutzung.<br \/>\nAuf eventuelle Beschr\u00e4nkungen z.B. zeitlich oder nach Nutzungsart hat der Auftraggeber den Verlag schriftlich bei Auftragserteilung hinzuweisen. Der Mehraufwand f\u00fcr die Beachtung von Beschr\u00e4nkungen ist dem Verlag angemessen abzugelten (min. 100,00 E). Au\u00dfer im Fall der schuldhaften Nichtbeachtung von Einschr\u00e4nkungen von Ver\u00f6ffentlichungsrechten, tr\u00e4gt dieser jeden wie immer gearteten Schaden, der dem Verlag aus der Ver\u00f6ffentlichung entsteht. Nach Ersatz aller Kosten tritt der Verlag seine Anspr\u00fcche nach \u00a7 24 (7) Pressegesetz an den Auftraggeber ab.<\/p>\n<\/section>\n<section>\n<h4><\/h4>\n<h4><\/h4>\n<h4 class=\"content__title_pages\">2. Auftragserteilung<\/h4>\n<p>Unsere Partner wollen eine neue Qualit\u00e4t von Info-Medien in Ihren Regionen f\u00fcr verschiedene Zielgruppen und Themen realisieren und damit national und international Ma\u00dfst\u00e4be setzen. Der Leser soll kompakte Informationen, hoch qualitativ aufbereitet in seinem spezifischen Umfeld finden.<\/p>\n<\/section>\n<section>\n<h4><\/h4>\n<h4><\/h4>\n<h4 class=\"content__title_pages\">3. Durchf\u00fchrung der Auftr\u00e4ge<\/h4>\n<p>3.1. Die Einschaltungen m\u00fcssen dem Stil von trendguide entsprechen.<br \/>\n3.2. Termin und Platzierung: F\u00fcr die Durchf\u00fchrung von Einschaltungen in bestimmten Ausgaben oder bestimmten Pl\u00e4tzen wird keine Gew\u00e4hr geleistet. Dies gilt insbesondere f\u00fcr Erstausgaben f\u00fcr die weder ein verbindlicher Erscheinungstermin noch ein Erscheinen gew\u00e4hrleistet werden kann. Der Verlag hat das Recht den Auftrag zu wandeln und in einem anderen trendguide mit gleicher Auflage und gleicher werblicher Zielgruppe nach Belieben zu platzieren. Sollte trendguide von diesem Wandlungsrecht nicht Gebrauch machen, gilt der Auftrag als storniert. Kosten die der Auftraggeber im Hinblick auf eine werbliche Schaltung get\u00e4tigt hat, werden nicht erstattet. Rabatte f\u00fcr Schaltungen, die im Hinblick auf Folgeschaltungen, gleich aus welchem Grund entfallen, kann trendguide nachbelasten. Ausgenommen sind Schaltauftr\u00e4ge in bereits bestehenden Medien, deren G\u00fcltigkeit ausdr\u00fccklich von der Einhaltung bestimmter Termine oder bei Bezahlung des im Tarif vorgesehenen Platzierungszuschlages von einer bestimmten Platzierung abh\u00e4ngig gemacht werden.<br \/>\n3.3. Medienunterlagen: Dem Auftraggeber obliegt die rechtzeitige Bereitstellung der Unterlagen f\u00fcr das entsprechende Medium. Dieser ist verpflichtet, bis drei Wochen vor Erscheinen der gebuchten Ausgabe des trendguides der Redaktion die Genehmigung zur Publizierung der werblichen Einschaltung zu erteilen.<br \/>\n3.3.1. Im Falle des Verzuges gilt der Auftrag als erf\u00fcllt, wenn die Einschaltung unter Verwendung einer anderen vom Auftraggeber beigestellten Medienunterlage erfolgt oder auch nur Name und Adresse des Auftraggebers eingeschaltet werden.<br \/>\n3.3.2. Sollte der Verlag bzw. seine von ihm Beauftragten, beauftragt werden &#8211; entgeltlich oder unentgeltlich &#8211; f\u00fcr die Ver\u00f6ffentlichung in den Verlagsmedien Werbevorlagen zu erstellen, zu gestalten oder zu ver\u00e4ndern, so liegen s\u00e4mtliche Copyrights an dem geschaffenem Werk bei dem Verlag (Urheber und Werksch\u00f6pfer) soweit nicht \u00e4ltere Rechte an gestellten Unterlagen (Bildrechte etc.) dem vorgehen. Das Entgelt f\u00fcr das Copyright f\u00fcr die Ver\u00f6ffentlichung in den trendguide Verlagsmedien ist mit Bezahlung der Anzeige abgegolten. Eine Verwendung des geschaffenen Werkes au\u00dferhalb der trendguide Verlagsmedien ist nur mit schriftlichem Einverst\u00e4ndnis bzw. vereinbartem Entgelt m\u00f6glich, davon unbenommen bleibt die Honorierung f\u00fcr die Gestaltungsarbeit. Die Pflicht zur Aufbewahrung von Medienunterlagen endet drei Monate nach Erscheinen der letzten Einschaltung (bei \u00dcbertragung \u00fcber ISDN erl\u00f6schen sie sofort).<br \/>\n3.4. Wenn ungeeignete Vorlagen vom Auftraggeber zur Verf\u00fcgung gestellt werden, wird keine Verantwortung f\u00fcr schlechte Wiedergabe \u00fcbernommen.<br \/>\n3.5. Bei telefonisch aufgegebenen Einschaltungen bzw. telefonisch veranlassten Text\u00e4nderungen wird keine Haftung f\u00fcr die Richtigkeit der Wiedergabe \u00fcbernommen.<br \/>\n3.6. F\u00fcr Fehler, die den Sinn der Einschaltung nicht wesentlich beeintr\u00e4chtigen, wird kein Ersatz geleistet.<br \/>\n3.7. Wenn bei elektronischer \u00dcbermittlung der Vorlagen kein farbverbindliches Proof beigestellt wird, kann keine Verantwortung f\u00fcr die Wiedergabe \u00fcbernommen werden. Geringe Farbtonabweichungen im Druck der Printausgaben sind produktionstechnisch bedingt und berechtigen nicht zu Reklamationen.<br \/>\n3.8. Jede Haftung f\u00fcr eventuelle Sch\u00e4den, die durch das Nichterscheinen eines Auftrages an einem bestimmten Tag bzw. durch unwesentliche Fehler, die nicht sinnentstellend bzw. auch Druckfehler wird abgelehnt.<br \/>\n3.9. Probeabz\u00fcge bzw. elektronische Vorlagen werden nur \u00fcber ausdr\u00fccklichen Wunsch hergestellt. Bei nicht fristgerechter R\u00fccksendung gilt die Genehmigung zur Einschaltung als erteilt.<br \/>\n3.10. Reklamationen werden nur innerhalb von acht Tagen nach Erhalt des Einschaltbeleges bzw. der Ver\u00f6ffentlichung anerkannt.<br \/>\n3.11. Storno: Eine Zur\u00fcckziehung oder \u00c4nderung des Auftrages muss dem Verlag in schriftlicher Form, sp\u00e4testens zum Anzeigenschlu\u00dftermin, vorliegen. Der Verlag wird sich bei einer Festbuchung im Sinne der Schadensminderungspflicht um einen Ersatzkunden bem\u00fchen. Der Auftraggeber tr\u00e4gt die Differenz zwischen dem dann erzielten Erl\u00f6s und den ihm zugesagten Einschaltpreis bis zu 100%.<br \/>\n3.12. Bei Betriebsst\u00f6rungen oder Eingriffen durch h\u00f6here Gewalt hat der Verlag Anspruch auf volle Bezahlung, wenn zumindest 75% der zugesicherten crossmedialen Medialeistung erf\u00fcllt ist.<\/p>\n<\/section>\n<section>\n<h4><\/h4>\n<h4><\/h4>\n<h4 class=\"content__title_pages\">4. Verrechnung und Zahlungsbedingungen<\/h4>\n<p>4.1. F\u00e4lligkeit: Zahlbar bei Rechnungserhalt. Verzugszinsen in der H\u00f6he von einem Prozent \u00fcber dem Bankzinsfu\u00df und die Einziehungskosten gehen zu Lasten des Auftraggebers.<br \/>\n4.2. Rabatte: Anspruch auf Kundenrabatt besteht nur bei schriftlichem Abschluss auf mehrere Einschaltungen innerhalb eines Jahres. Der Rabatt kann auf Wunsch und mit Einwilligung des Verlages sofort bei Rechnungslegung ber\u00fccksichtigt oder nach Schluss der Laufzeit des Auftrages bzw. nach Ablauf der einj\u00e4hrigen Frist gutgeschrieben werden.<br \/>\n4.3. Die Preise des Media-Auftrags verstehen sich exkl. MwSt., exkl. 5 % Werbeabgabe (nur f\u00fcr Erscheinungen in \u00d6sterreich) sowie exkl. Layout.<br \/>\n4.4. Kosten f\u00fcr die Herstellung der Druckunterlagen gehen zu Lasten des Auftraggebers.<br \/>\n4.5. Rechnungs-Reklamationen werden nur innerhalb von zwei Wochen ab Erhalt der Rechnung anerkannt.<br \/>\n4.6. Belege an den Auftraggeber: Es werden bis zu f\u00fcnf St\u00fcck der Druckexemplaren kostenlos geliefert. Stellt der Auftraggeber gleichzeitig eine Distributionsstelle f\u00fcr die Printmagazine dar, so werden bis zu 100 Exemplare kostenfrei geliefert.<\/p>\n<\/section>\n<section>\n<h4><\/h4>\n<h4><\/h4>\n<h4 class=\"content__title_pages\">5. Datenschutz<\/h4>\n<p>Unsere Datenschutzerkl\u00e4rung k\u00f6nnen Sie <a href=\"https:\/\/trendguide.info\/datenschutz\/\">hier<\/a> einsehen.<\/p>\n<\/section>\n","protected":false},"excerpt":{"rendered":"<p>1. Allgemeines 1.1. Geltungsbereich: Die allgemeinen Einschaltbedingungen gelten f\u00fcr alle Auftr\u00e4ge zur Einschaltung von Medienbeitr\u00e4gen oder Textver\u00f6ffentlichungen sowie zur Durchf\u00fchrung von Beilagenauftr\u00e4gen in trendguide Medien. 1.2. Als Erf\u00fcllungsort und Gerichtsstand gilt der Sitz der trendguide KG. 1.3. Haftung: Der Verlag ist nicht verpflichtet Einschaltungen auf ihren Inhalt hin zu \u00fcberpr\u00fcfen. Hierf\u00fcr tr\u00e4gt der Auftraggeber die [&hellip;]<\/p>\n","protected":false},"author":3,"featured_media":0,"parent":0,"menu_order":0,"comment_status":"closed","ping_status":"closed","template":"","meta":{"_et_pb_use_builder":"","_et_pb_old_content":"","_et_gb_content_width":"","footnotes":""},"class_list":["post-399","page","type-page","status-publish","hentry"],"yoast_head":"<!-- This site is optimized with the Yoast SEO plugin v27.4 - https:\/\/yoast.com\/product\/yoast-seo-wordpress\/ -->\n<title>AGB - Trendguide<\/title>\n<meta name=\"robots\" content=\"index, follow, max-snippet:-1, max-image-preview:large, max-video-preview:-1\" \/>\n<link rel=\"canonical\" href=\"https:\/\/trendguide.info\/en\/agb\/\" \/>\n<meta property=\"og:locale\" content=\"en_GB\" \/>\n<meta property=\"og:type\" content=\"article\" \/>\n<meta property=\"og:title\" content=\"AGB - Trendguide\" \/>\n<meta property=\"og:description\" content=\"1. Allgemeines 1.1. Geltungsbereich: Die allgemeinen Einschaltbedingungen gelten f\u00fcr alle Auftr\u00e4ge zur Einschaltung von Medienbeitr\u00e4gen oder Textver\u00f6ffentlichungen sowie zur Durchf\u00fchrung von Beilagenauftr\u00e4gen in trendguide Medien. 1.2. Als Erf\u00fcllungsort und Gerichtsstand gilt der Sitz der trendguide KG. 1.3. Haftung: Der Verlag ist nicht verpflichtet Einschaltungen auf ihren Inhalt hin zu \u00fcberpr\u00fcfen. Hierf\u00fcr tr\u00e4gt der Auftraggeber die [&hellip;]\" \/>\n<meta property=\"og:url\" content=\"https:\/\/trendguide.info\/en\/agb\/\" \/>\n<meta property=\"og:site_name\" content=\"Trendguide\" \/>\n<meta property=\"article:modified_time\" content=\"2025-01-15T14:11:19+00:00\" \/>\n<meta name=\"twitter:card\" content=\"summary_large_image\" \/>\n<meta name=\"twitter:label1\" content=\"Estimated reading time\" \/>\n\t<meta name=\"twitter:data1\" content=\"6 minutes\" \/>\n<script type=\"application\/ld+json\" class=\"yoast-schema-graph\">{\"@context\":\"https:\\\/\\\/schema.org\",\"@graph\":[{\"@type\":\"WebPage\",\"@id\":\"https:\\\/\\\/trendguide.info\\\/agb\\\/\",\"url\":\"https:\\\/\\\/trendguide.info\\\/agb\\\/\",\"name\":\"AGB - Trendguide\",\"isPartOf\":{\"@id\":\"https:\\\/\\\/trendguide.info\\\/#website\"},\"datePublished\":\"2018-05-24T08:49:38+00:00\",\"dateModified\":\"2025-01-15T14:11:19+00:00\",\"breadcrumb\":{\"@id\":\"https:\\\/\\\/trendguide.info\\\/agb\\\/#breadcrumb\"},\"inLanguage\":\"en-GB\",\"potentialAction\":[{\"@type\":\"ReadAction\",\"target\":[\"https:\\\/\\\/trendguide.info\\\/agb\\\/\"]}]},{\"@type\":\"BreadcrumbList\",\"@id\":\"https:\\\/\\\/trendguide.info\\\/agb\\\/#breadcrumb\",\"itemListElement\":[{\"@type\":\"ListItem\",\"position\":1,\"name\":\"Startseite\",\"item\":\"https:\\\/\\\/trendguide.info\\\/\"},{\"@type\":\"ListItem\",\"position\":2,\"name\":\"AGB\"}]},{\"@type\":\"WebSite\",\"@id\":\"https:\\\/\\\/trendguide.info\\\/#website\",\"url\":\"https:\\\/\\\/trendguide.info\\\/\",\"name\":\"Trendguide\",\"description\":\"Dein F\u00fchrer durch die Stadt\",\"potentialAction\":[{\"@type\":\"SearchAction\",\"target\":{\"@type\":\"EntryPoint\",\"urlTemplate\":\"https:\\\/\\\/trendguide.info\\\/?s={search_term_string}\"},\"query-input\":{\"@type\":\"PropertyValueSpecification\",\"valueRequired\":true,\"valueName\":\"search_term_string\"}}],\"inLanguage\":\"en-GB\"}]}<\/script>\n<!-- \/ Yoast SEO plugin. -->","yoast_head_json":{"title":"AGB - Trendguide","robots":{"index":"index","follow":"follow","max-snippet":"max-snippet:-1","max-image-preview":"max-image-preview:large","max-video-preview":"max-video-preview:-1"},"canonical":"https:\/\/trendguide.info\/en\/agb\/","og_locale":"en_GB","og_type":"article","og_title":"AGB - Trendguide","og_description":"1. Allgemeines 1.1. Geltungsbereich: Die allgemeinen Einschaltbedingungen gelten f\u00fcr alle Auftr\u00e4ge zur Einschaltung von Medienbeitr\u00e4gen oder Textver\u00f6ffentlichungen sowie zur Durchf\u00fchrung von Beilagenauftr\u00e4gen in trendguide Medien. 1.2. Als Erf\u00fcllungsort und Gerichtsstand gilt der Sitz der trendguide KG. 1.3. Haftung: Der Verlag ist nicht verpflichtet Einschaltungen auf ihren Inhalt hin zu \u00fcberpr\u00fcfen. Hierf\u00fcr tr\u00e4gt der Auftraggeber die [&hellip;]","og_url":"https:\/\/trendguide.info\/en\/agb\/","og_site_name":"Trendguide","article_modified_time":"2025-01-15T14:11:19+00:00","twitter_card":"summary_large_image","twitter_misc":{"Estimated reading time":"6 minutes"},"schema":{"@context":"https:\/\/schema.org","@graph":[{"@type":"WebPage","@id":"https:\/\/trendguide.info\/agb\/","url":"https:\/\/trendguide.info\/agb\/","name":"AGB - Trendguide","isPartOf":{"@id":"https:\/\/trendguide.info\/#website"},"datePublished":"2018-05-24T08:49:38+00:00","dateModified":"2025-01-15T14:11:19+00:00","breadcrumb":{"@id":"https:\/\/trendguide.info\/agb\/#breadcrumb"},"inLanguage":"en-GB","potentialAction":[{"@type":"ReadAction","target":["https:\/\/trendguide.info\/agb\/"]}]},{"@type":"BreadcrumbList","@id":"https:\/\/trendguide.info\/agb\/#breadcrumb","itemListElement":[{"@type":"ListItem","position":1,"name":"Startseite","item":"https:\/\/trendguide.info\/"},{"@type":"ListItem","position":2,"name":"AGB"}]},{"@type":"WebSite","@id":"https:\/\/trendguide.info\/#website","url":"https:\/\/trendguide.info\/","name":"Trendguide","description":"Your guide through the city","potentialAction":[{"@type":"SearchAction","target":{"@type":"EntryPoint","urlTemplate":"https:\/\/trendguide.info\/?s={search_term_string}"},"query-input":{"@type":"PropertyValueSpecification","valueRequired":true,"valueName":"search_term_string"}}],"inLanguage":"en-GB"}]}},"_links":{"self":[{"href":"https:\/\/trendguide.info\/en\/wp-json\/wp\/v2\/pages\/399","targetHints":{"allow":["GET"]}}],"collection":[{"href":"https:\/\/trendguide.info\/en\/wp-json\/wp\/v2\/pages"}],"about":[{"href":"https:\/\/trendguide.info\/en\/wp-json\/wp\/v2\/types\/page"}],"author":[{"embeddable":true,"href":"https:\/\/trendguide.info\/en\/wp-json\/wp\/v2\/users\/3"}],"replies":[{"embeddable":true,"href":"https:\/\/trendguide.info\/en\/wp-json\/wp\/v2\/comments?post=399"}],"version-history":[{"count":9,"href":"https:\/\/trendguide.info\/en\/wp-json\/wp\/v2\/pages\/399\/revisions"}],"predecessor-version":[{"id":1425,"href":"https:\/\/trendguide.info\/en\/wp-json\/wp\/v2\/pages\/399\/revisions\/1425"}],"wp:attachment":[{"href":"https:\/\/trendguide.info\/en\/wp-json\/wp\/v2\/media?parent=399"}],"curies":[{"name":"wp","href":"https:\/\/api.w.org\/{rel}","templated":true}]}}