{"id":326,"date":"2018-05-23T13:45:52","date_gmt":"2018-05-23T11:45:52","guid":{"rendered":"https:\/\/trendguide.info\/?page_id=326"},"modified":"2025-02-03T07:35:39","modified_gmt":"2025-02-03T06:35:39","slug":"jobs-karriere","status":"publish","type":"page","link":"https:\/\/trendguide.info\/en\/jobs-karriere\/","title":{"rendered":"Jobs \/ Career"},"content":{"rendered":"<p>We are constantly looking for talents and professionals in the media field to support and realise our media<\/p>\n<ul>\n<li style=\"text-align: left;\">Media consultant<\/li>\n<\/ul>\n<p>You can successfully win customers and inspire them with the trendguide platform. We are looking for contact with the best in the industry to support our partners on site and\/or independently manage a sales territory. We look forward to receiving your application<\/p>\n<ul>\n<li>Editorial Designer\/Graphic Designer<\/li>\n<\/ul>\n<p>Do you want to create a long-term platform that offers a multiplier effect and advertising value for your self-employment? Design one or more trendguides for us. Become part of a local team that successfully publishes trendguides. We offer a great deal of creative freedom and remuneration in line with the market. We look forward to receiving your application<\/p>\n<ul>\n<li>Journalists\/photo reporters\/leaflet makers<\/li>\n<\/ul>\n<p>You will work intensively with the \"On Site\" team and ideally bring special journalistic knowledge and networks with you. With trendguide you will create a long-term basis for working as a journalist at a high level. We look forward to receiving your application<\/p>\n<ul>\n<li>Translator into various languages: GB,I,F,E<\/li>\n<\/ul>\n<p>We are constantly looking for translators who can translate high-quality content reliably and quickly with feeling. Our cooperation is designed for the long term.<\/p>\n<ul>\n<li>Blogger\/ Content Provider\/Community Manager<\/li>\n<\/ul>\n<p>Our online community is constantly growing and we are looking for creative people who have already proven how to inspire communities to take care of our social media channels and communities....<\/p>\n<h4><\/h4>\n<h4><\/h4>\n<h4 class=\"content__title_pages\">GET IN TOUCH<\/h4>\n<p>If you are interested, please contact us with informative work samples:<\/p>\n<p>E-mail: <a href=\"mailto:office@trendguide.info\">office@trendguide.info<\/a><\/p>","protected":false},"excerpt":{"rendered":"<p>Wir suchen st\u00e4ndig nach Talenten und Profis im Medienbereich zur Unterst\u00fctzung und Realisierung unserer Medien Medienberater Sie k\u00f6nnen erfolgreich Kunden gewinnen und von der trendguide Plattform begeistern. Zur Unterst\u00fctzung unserer Partner vor Ort und\/oder der selbst\u00e4ndigen Betreuung eines Vertriebsgebietes suchen wir den Kontakt zu den Besten der Branche. Wir freuen uns auf Ihre Bewerbung Editorial [&hellip;]<\/p>\n","protected":false},"author":3,"featured_media":0,"parent":0,"menu_order":0,"comment_status":"closed","ping_status":"closed","template":"","meta":{"_et_pb_use_builder":"","_et_pb_old_content":"","_et_gb_content_width":"","footnotes":""},"class_list":["post-326","page","type-page","status-publish","hentry"],"yoast_head":"<!-- This site is optimized with the Yoast SEO plugin v27.5 - https:\/\/yoast.com\/product\/yoast-seo-wordpress\/ -->\n<title>Jobs \/ Karriere - Trendguide<\/title>\n<meta name=\"robots\" content=\"index, follow, max-snippet:-1, max-image-preview:large, max-video-preview:-1\" \/>\n<link rel=\"canonical\" href=\"https:\/\/trendguide.info\/en\/jobs-karriere\/\" \/>\n<meta property=\"og:locale\" content=\"en_GB\" \/>\n<meta property=\"og:type\" content=\"article\" \/>\n<meta property=\"og:title\" content=\"Jobs \/ Karriere - Trendguide\" \/>\n<meta property=\"og:description\" content=\"Wir suchen st\u00e4ndig nach Talenten und Profis im Medienbereich zur Unterst\u00fctzung und Realisierung unserer Medien Medienberater Sie k\u00f6nnen erfolgreich Kunden gewinnen und von der trendguide Plattform begeistern. Zur Unterst\u00fctzung unserer Partner vor Ort und\/oder der selbst\u00e4ndigen Betreuung eines Vertriebsgebietes suchen wir den Kontakt zu den Besten der Branche. Wir freuen uns auf Ihre Bewerbung Editorial [&hellip;]\" \/>\n<meta property=\"og:url\" content=\"https:\/\/trendguide.info\/en\/jobs-karriere\/\" \/>\n<meta property=\"og:site_name\" content=\"Trendguide\" \/>\n<meta property=\"article:modified_time\" content=\"2025-02-03T06:35:39+00:00\" \/>\n<meta name=\"twitter:card\" content=\"summary_large_image\" \/>\n<meta name=\"twitter:label1\" content=\"Estimated reading time\" \/>\n\t<meta name=\"twitter:data1\" content=\"2 minutes\" \/>\n<script type=\"application\/ld+json\" class=\"yoast-schema-graph\">{\"@context\":\"https:\\\/\\\/schema.org\",\"@graph\":[{\"@type\":\"WebPage\",\"@id\":\"https:\\\/\\\/trendguide.info\\\/jobs-karriere\\\/\",\"url\":\"https:\\\/\\\/trendguide.info\\\/jobs-karriere\\\/\",\"name\":\"Jobs \\\/ Karriere - Trendguide\",\"isPartOf\":{\"@id\":\"https:\\\/\\\/trendguide.info\\\/#website\"},\"datePublished\":\"2018-05-23T11:45:52+00:00\",\"dateModified\":\"2025-02-03T06:35:39+00:00\",\"breadcrumb\":{\"@id\":\"https:\\\/\\\/trendguide.info\\\/jobs-karriere\\\/#breadcrumb\"},\"inLanguage\":\"en-GB\",\"potentialAction\":[{\"@type\":\"ReadAction\",\"target\":[\"https:\\\/\\\/trendguide.info\\\/jobs-karriere\\\/\"]}]},{\"@type\":\"BreadcrumbList\",\"@id\":\"https:\\\/\\\/trendguide.info\\\/jobs-karriere\\\/#breadcrumb\",\"itemListElement\":[{\"@type\":\"ListItem\",\"position\":1,\"name\":\"Startseite\",\"item\":\"https:\\\/\\\/trendguide.info\\\/\"},{\"@type\":\"ListItem\",\"position\":2,\"name\":\"Jobs \\\/ Karriere\"}]},{\"@type\":\"WebSite\",\"@id\":\"https:\\\/\\\/trendguide.info\\\/#website\",\"url\":\"https:\\\/\\\/trendguide.info\\\/\",\"name\":\"Trendguide\",\"description\":\"Dein F\u00fchrer durch die Stadt\",\"potentialAction\":[{\"@type\":\"SearchAction\",\"target\":{\"@type\":\"EntryPoint\",\"urlTemplate\":\"https:\\\/\\\/trendguide.info\\\/?s={search_term_string}\"},\"query-input\":{\"@type\":\"PropertyValueSpecification\",\"valueRequired\":true,\"valueName\":\"search_term_string\"}}],\"inLanguage\":\"en-GB\"}]}<\/script>\n<!-- \/ Yoast SEO plugin. -->","yoast_head_json":{"title":"Jobs \/ Karriere - Trendguide","robots":{"index":"index","follow":"follow","max-snippet":"max-snippet:-1","max-image-preview":"max-image-preview:large","max-video-preview":"max-video-preview:-1"},"canonical":"https:\/\/trendguide.info\/en\/jobs-karriere\/","og_locale":"en_GB","og_type":"article","og_title":"Jobs \/ Karriere - Trendguide","og_description":"Wir suchen st\u00e4ndig nach Talenten und Profis im Medienbereich zur Unterst\u00fctzung und Realisierung unserer Medien Medienberater Sie k\u00f6nnen erfolgreich Kunden gewinnen und von der trendguide Plattform begeistern. Zur Unterst\u00fctzung unserer Partner vor Ort und\/oder der selbst\u00e4ndigen Betreuung eines Vertriebsgebietes suchen wir den Kontakt zu den Besten der Branche. Wir freuen uns auf Ihre Bewerbung Editorial [&hellip;]","og_url":"https:\/\/trendguide.info\/en\/jobs-karriere\/","og_site_name":"Trendguide","article_modified_time":"2025-02-03T06:35:39+00:00","twitter_card":"summary_large_image","twitter_misc":{"Estimated reading time":"2 minutes"},"schema":{"@context":"https:\/\/schema.org","@graph":[{"@type":"WebPage","@id":"https:\/\/trendguide.info\/jobs-karriere\/","url":"https:\/\/trendguide.info\/jobs-karriere\/","name":"Jobs \/ Karriere - Trendguide","isPartOf":{"@id":"https:\/\/trendguide.info\/#website"},"datePublished":"2018-05-23T11:45:52+00:00","dateModified":"2025-02-03T06:35:39+00:00","breadcrumb":{"@id":"https:\/\/trendguide.info\/jobs-karriere\/#breadcrumb"},"inLanguage":"en-GB","potentialAction":[{"@type":"ReadAction","target":["https:\/\/trendguide.info\/jobs-karriere\/"]}]},{"@type":"BreadcrumbList","@id":"https:\/\/trendguide.info\/jobs-karriere\/#breadcrumb","itemListElement":[{"@type":"ListItem","position":1,"name":"Startseite","item":"https:\/\/trendguide.info\/"},{"@type":"ListItem","position":2,"name":"Jobs \/ Karriere"}]},{"@type":"WebSite","@id":"https:\/\/trendguide.info\/#website","url":"https:\/\/trendguide.info\/","name":"Trendguide","description":"Your guide through the city","potentialAction":[{"@type":"SearchAction","target":{"@type":"EntryPoint","urlTemplate":"https:\/\/trendguide.info\/?s={search_term_string}"},"query-input":{"@type":"PropertyValueSpecification","valueRequired":true,"valueName":"search_term_string"}}],"inLanguage":"en-GB"}]}},"_links":{"self":[{"href":"https:\/\/trendguide.info\/en\/wp-json\/wp\/v2\/pages\/326","targetHints":{"allow":["GET"]}}],"collection":[{"href":"https:\/\/trendguide.info\/en\/wp-json\/wp\/v2\/pages"}],"about":[{"href":"https:\/\/trendguide.info\/en\/wp-json\/wp\/v2\/types\/page"}],"author":[{"embeddable":true,"href":"https:\/\/trendguide.info\/en\/wp-json\/wp\/v2\/users\/3"}],"replies":[{"embeddable":true,"href":"https:\/\/trendguide.info\/en\/wp-json\/wp\/v2\/comments?post=326"}],"version-history":[{"count":9,"href":"https:\/\/trendguide.info\/en\/wp-json\/wp\/v2\/pages\/326\/revisions"}],"predecessor-version":[{"id":1434,"href":"https:\/\/trendguide.info\/en\/wp-json\/wp\/v2\/pages\/326\/revisions\/1434"}],"wp:attachment":[{"href":"https:\/\/trendguide.info\/en\/wp-json\/wp\/v2\/media?parent=326"}],"curies":[{"name":"wp","href":"https:\/\/api.w.org\/{rel}","templated":true}]}}