{"id":324,"date":"2018-05-23T13:45:07","date_gmt":"2018-05-23T11:45:07","guid":{"rendered":"https:\/\/trendguide.info\/?page_id=324"},"modified":"2025-02-03T07:36:01","modified_gmt":"2025-02-03T06:36:01","slug":"partner-werden","status":"publish","type":"page","link":"https:\/\/trendguide.info\/en\/partner-werden\/","title":{"rendered":"Become a partner"},"content":{"rendered":"<section>Trendguide offers you long-term professional and personal development in the high-quality media sector. With our business model, we address personalities and companies who find their professional perspective in the media sector and in intelligent networking.<br \/>\nOn an independent basis, you have 2 opportunities to participate in the success of trendguide:<\/p>\n<ul>\n<li style=\"list-style-type: none;\">\n<ul>\n<li style=\"list-style-type: none;\">\n<ul>\n<li>Become a PARTNER\/COOPERATOR<\/li>\n<\/ul>\n<\/li>\n<\/ul>\n<p>You independently develop and market one or more trendguide formats in your region\/city. We currently offer the following concepts:<\/p>\n<ul>\n<li style=\"list-style-type: none;\">\n<ul>\n<li>Local trend guides<\/li>\n<\/ul>\n<\/li>\n<\/ul>\n<p>They portray the outstanding offers of a region\/city\/destination and offer restaurateurs, craftspeople, service providers and cultural creators a new high-quality platform to network \"locally\" and internationally with the best in all communication channels. The target group includes both high-income tourists and locals.<\/p>\n<ul>\n<li style=\"list-style-type: none;\">\n<ul>\n<li>Topics trendguides<\/li>\n<\/ul>\n<\/li>\n<\/ul>\n<p>trendguide offers the appropriate, multimedia and international platform for special topics. Real estate, health, barrier-free travel, weddings, special fairs and events, festivals - they all deserve a platform that is effective, inexpensive and of high quality and that networks internationally across all communication channels. Which topic is \"burning\" for you?<\/p>\n<ul>\n<li style=\"list-style-type: none;\">\n<ul>\n<li>Become a LICENSEE<\/li>\n<\/ul>\n<\/li>\n<\/ul>\n<p>You know the media business and cover the essential services such as acquisition, design, administration and distribution with your own resources. With a small financial commitment and a fair licence fee, you can secure long-term participation in a dynamically growing international multimedia network.<\/li>\n<\/ul>\n<ul>Find out today about the possibility of securing a licence for your theme\/region.<\/ul>\n<\/section>\n<section>\n<h4 class=\"content__title_pages\">GET IN TOUCH<\/h4>\n<p>E-mail: <a href=\"mailto:office@trendguide.info\">office@trendguide.info<\/a><\/p>\n<\/section>","protected":false},"excerpt":{"rendered":"<p>Trendguide bietet Ihnen eine langfristige berufliche und pers\u00f6nliche Entwicklung im hochwertigen Medienbereich. Mit unserem Gesch\u00e4ftsmodell sprechen wir Pers\u00f6nlichkeiten und Unternehmen an, die im Medienbereich und im intelligenten Networking ihre berufliche Perspektive finden. Auf selbst\u00e4ndiger Basis haben Sie 2 M\u00f6glichkeiten sich am Erfolg von trendguide zu beteiligen: PARTNER\/MITHERAUSGEBER werden Sie entwickeln und vermarkten in Ihrer Region\/Stadt [&hellip;]<\/p>\n","protected":false},"author":3,"featured_media":0,"parent":0,"menu_order":0,"comment_status":"closed","ping_status":"closed","template":"","meta":{"_et_pb_use_builder":"","_et_pb_old_content":"","_et_gb_content_width":"","footnotes":""},"class_list":["post-324","page","type-page","status-publish","hentry"],"yoast_head":"<!-- This site is optimized with the Yoast SEO plugin v27.4 - https:\/\/yoast.com\/product\/yoast-seo-wordpress\/ -->\n<title>Partner werden - Trendguide<\/title>\n<meta name=\"robots\" content=\"index, follow, max-snippet:-1, max-image-preview:large, max-video-preview:-1\" \/>\n<link rel=\"canonical\" href=\"https:\/\/trendguide.info\/en\/partner-werden\/\" \/>\n<meta property=\"og:locale\" content=\"en_GB\" \/>\n<meta property=\"og:type\" content=\"article\" \/>\n<meta property=\"og:title\" content=\"Partner werden - Trendguide\" \/>\n<meta property=\"og:description\" content=\"Trendguide bietet Ihnen eine langfristige berufliche und pers\u00f6nliche Entwicklung im hochwertigen Medienbereich. Mit unserem Gesch\u00e4ftsmodell sprechen wir Pers\u00f6nlichkeiten und Unternehmen an, die im Medienbereich und im intelligenten Networking ihre berufliche Perspektive finden. Auf selbst\u00e4ndiger Basis haben Sie 2 M\u00f6glichkeiten sich am Erfolg von trendguide zu beteiligen: PARTNER\/MITHERAUSGEBER werden Sie entwickeln und vermarkten in Ihrer Region\/Stadt [&hellip;]\" \/>\n<meta property=\"og:url\" content=\"https:\/\/trendguide.info\/en\/partner-werden\/\" \/>\n<meta property=\"og:site_name\" content=\"Trendguide\" \/>\n<meta property=\"article:modified_time\" content=\"2025-02-03T06:36:01+00:00\" \/>\n<meta name=\"twitter:card\" content=\"summary_large_image\" \/>\n<meta name=\"twitter:label1\" content=\"Estimated reading time\" \/>\n\t<meta name=\"twitter:data1\" content=\"2 minutes\" \/>\n<script type=\"application\/ld+json\" class=\"yoast-schema-graph\">{\"@context\":\"https:\\\/\\\/schema.org\",\"@graph\":[{\"@type\":\"WebPage\",\"@id\":\"https:\\\/\\\/trendguide.info\\\/partner-werden\\\/\",\"url\":\"https:\\\/\\\/trendguide.info\\\/partner-werden\\\/\",\"name\":\"Partner werden - Trendguide\",\"isPartOf\":{\"@id\":\"https:\\\/\\\/trendguide.info\\\/#website\"},\"datePublished\":\"2018-05-23T11:45:07+00:00\",\"dateModified\":\"2025-02-03T06:36:01+00:00\",\"breadcrumb\":{\"@id\":\"https:\\\/\\\/trendguide.info\\\/partner-werden\\\/#breadcrumb\"},\"inLanguage\":\"en-GB\",\"potentialAction\":[{\"@type\":\"ReadAction\",\"target\":[\"https:\\\/\\\/trendguide.info\\\/partner-werden\\\/\"]}]},{\"@type\":\"BreadcrumbList\",\"@id\":\"https:\\\/\\\/trendguide.info\\\/partner-werden\\\/#breadcrumb\",\"itemListElement\":[{\"@type\":\"ListItem\",\"position\":1,\"name\":\"Startseite\",\"item\":\"https:\\\/\\\/trendguide.info\\\/\"},{\"@type\":\"ListItem\",\"position\":2,\"name\":\"Partner werden\"}]},{\"@type\":\"WebSite\",\"@id\":\"https:\\\/\\\/trendguide.info\\\/#website\",\"url\":\"https:\\\/\\\/trendguide.info\\\/\",\"name\":\"Trendguide\",\"description\":\"Dein F\u00fchrer durch die Stadt\",\"potentialAction\":[{\"@type\":\"SearchAction\",\"target\":{\"@type\":\"EntryPoint\",\"urlTemplate\":\"https:\\\/\\\/trendguide.info\\\/?s={search_term_string}\"},\"query-input\":{\"@type\":\"PropertyValueSpecification\",\"valueRequired\":true,\"valueName\":\"search_term_string\"}}],\"inLanguage\":\"en-GB\"}]}<\/script>\n<!-- \/ Yoast SEO plugin. -->","yoast_head_json":{"title":"Become a partner - Trendguide","robots":{"index":"index","follow":"follow","max-snippet":"max-snippet:-1","max-image-preview":"max-image-preview:large","max-video-preview":"max-video-preview:-1"},"canonical":"https:\/\/trendguide.info\/en\/partner-werden\/","og_locale":"en_GB","og_type":"article","og_title":"Partner werden - Trendguide","og_description":"Trendguide bietet Ihnen eine langfristige berufliche und pers\u00f6nliche Entwicklung im hochwertigen Medienbereich. Mit unserem Gesch\u00e4ftsmodell sprechen wir Pers\u00f6nlichkeiten und Unternehmen an, die im Medienbereich und im intelligenten Networking ihre berufliche Perspektive finden. Auf selbst\u00e4ndiger Basis haben Sie 2 M\u00f6glichkeiten sich am Erfolg von trendguide zu beteiligen: PARTNER\/MITHERAUSGEBER werden Sie entwickeln und vermarkten in Ihrer Region\/Stadt [&hellip;]","og_url":"https:\/\/trendguide.info\/en\/partner-werden\/","og_site_name":"Trendguide","article_modified_time":"2025-02-03T06:36:01+00:00","twitter_card":"summary_large_image","twitter_misc":{"Estimated reading time":"2 minutes"},"schema":{"@context":"https:\/\/schema.org","@graph":[{"@type":"WebPage","@id":"https:\/\/trendguide.info\/partner-werden\/","url":"https:\/\/trendguide.info\/partner-werden\/","name":"Become a partner - Trendguide","isPartOf":{"@id":"https:\/\/trendguide.info\/#website"},"datePublished":"2018-05-23T11:45:07+00:00","dateModified":"2025-02-03T06:36:01+00:00","breadcrumb":{"@id":"https:\/\/trendguide.info\/partner-werden\/#breadcrumb"},"inLanguage":"en-GB","potentialAction":[{"@type":"ReadAction","target":["https:\/\/trendguide.info\/partner-werden\/"]}]},{"@type":"BreadcrumbList","@id":"https:\/\/trendguide.info\/partner-werden\/#breadcrumb","itemListElement":[{"@type":"ListItem","position":1,"name":"Startseite","item":"https:\/\/trendguide.info\/"},{"@type":"ListItem","position":2,"name":"Partner werden"}]},{"@type":"WebSite","@id":"https:\/\/trendguide.info\/#website","url":"https:\/\/trendguide.info\/","name":"Trendguide","description":"Your guide through the city","potentialAction":[{"@type":"SearchAction","target":{"@type":"EntryPoint","urlTemplate":"https:\/\/trendguide.info\/?s={search_term_string}"},"query-input":{"@type":"PropertyValueSpecification","valueRequired":true,"valueName":"search_term_string"}}],"inLanguage":"en-GB"}]}},"_links":{"self":[{"href":"https:\/\/trendguide.info\/en\/wp-json\/wp\/v2\/pages\/324","targetHints":{"allow":["GET"]}}],"collection":[{"href":"https:\/\/trendguide.info\/en\/wp-json\/wp\/v2\/pages"}],"about":[{"href":"https:\/\/trendguide.info\/en\/wp-json\/wp\/v2\/types\/page"}],"author":[{"embeddable":true,"href":"https:\/\/trendguide.info\/en\/wp-json\/wp\/v2\/users\/3"}],"replies":[{"embeddable":true,"href":"https:\/\/trendguide.info\/en\/wp-json\/wp\/v2\/comments?post=324"}],"version-history":[{"count":4,"href":"https:\/\/trendguide.info\/en\/wp-json\/wp\/v2\/pages\/324\/revisions"}],"predecessor-version":[{"id":1435,"href":"https:\/\/trendguide.info\/en\/wp-json\/wp\/v2\/pages\/324\/revisions\/1435"}],"wp:attachment":[{"href":"https:\/\/trendguide.info\/en\/wp-json\/wp\/v2\/media?parent=324"}],"curies":[{"name":"wp","href":"https:\/\/api.w.org\/{rel}","templated":true}]}}