{"id":319,"date":"2018-05-23T13:43:34","date_gmt":"2018-05-23T11:43:34","guid":{"rendered":"https:\/\/trendguide.info\/?page_id=319"},"modified":"2025-01-15T15:14:08","modified_gmt":"2025-01-15T14:14:08","slug":"ueber-uns","status":"publish","type":"page","link":"https:\/\/trendguide.info\/en\/ueber-uns\/","title":{"rendered":"About us"},"content":{"rendered":"<p>The Gassner family of entrepreneurs has been successful in the publishing, brand consulting and communications industry for four decades, with a focus on Germany, Austria and Switzerland. In spring 2010, the starting shot was fired for a new era: the development of \"trendguide\" into a cross-media information platform for outstanding achievements. With this platform, we offer both ambitious journalists and media makers as well as a select circle of businesses, companies and service providers the opportunity to present themselves globally and locally - in print as well as in the electronic media in an extraordinary way.<\/p>\n<p>The print edition of trendguide differs from the usual magazines solely through its haptic surface - appealing to all the senses. The pocket format is ideal for the mobile generation and is currently finding enthusiastic followers in many European countries. trendguide can also be experienced on the Iphone, the Ipad and on the WEB.<\/p>\n<p>trendguide the information medium for the global village<\/p>\n<h4><\/h4>\n<h4 class=\"content__title_pages\">Our vision<\/h4>\n<p>We want to be the leading partner network of high-quality info media for different target groups and topics.<\/p>\n<h4><\/h4>\n<h4 class=\"content__title_pages\">Mission<\/h4>\n<p>Our partners want to realise a new quality of information media in their regions for different target groups and topics and thus set national and international standards. The reader should find compact, high-quality information in his or her specific environment.<\/p>\n<h4><\/h4>\n<h4 class=\"content__title_pages\">Kurt F. Gassner<\/h4>\n<div class=\"people__pictures_wrap\"><img loading=\"lazy\" decoding=\"async\" class=\"alignnone wp-image-921 size-medium\" src=\"https:\/\/trendguide.info\/wp-content\/uploads\/2021\/10\/kurt-f-gassner-300x200.jpg\" alt=\"\" width=\"300\" height=\"200\" \/><\/div>\n<p>Managing Director<br \/>\ntrendguide, Kirchberg<br \/>\ntrendguide media SERVICES Gmbh, Munich<\/p>","protected":false},"excerpt":{"rendered":"<p>Die Unternehmerfamilie Gassner ist seit 4 Jahrzehnten in der Verlags-, Markenberatungs &#8211; und Kommunikationsbranche mit Schwerpunkt Deutschland, \u00d6sterreich und Schweiz erfolgreich. Im Fr\u00fchjahr 2010 fiel der Startschu\u00df in eine neue \u00c4ra: die Entwicklung von &#8222;trendguide&#8220; zu einer crossmedialen Infoplattform f\u00fcr herausragende Leistungen.Mit dieser Plattform bieten wir sowohl ambitionierten Journalisten und Medienmachern als auch einem ausgew\u00e4hlten [&hellip;]<\/p>\n","protected":false},"author":3,"featured_media":0,"parent":0,"menu_order":0,"comment_status":"closed","ping_status":"closed","template":"","meta":{"_et_pb_use_builder":"","_et_pb_old_content":"","_et_gb_content_width":"","footnotes":""},"class_list":["post-319","page","type-page","status-publish","hentry"],"yoast_head":"<!-- This site is optimized with the Yoast SEO plugin v27.4 - https:\/\/yoast.com\/product\/yoast-seo-wordpress\/ -->\n<title>\u00dcber uns - Trendguide<\/title>\n<meta name=\"robots\" content=\"index, follow, max-snippet:-1, max-image-preview:large, max-video-preview:-1\" \/>\n<link rel=\"canonical\" href=\"https:\/\/trendguide.info\/en\/ueber-uns\/\" \/>\n<meta property=\"og:locale\" content=\"en_GB\" \/>\n<meta property=\"og:type\" content=\"article\" \/>\n<meta property=\"og:title\" content=\"\u00dcber uns - Trendguide\" \/>\n<meta property=\"og:description\" content=\"Die Unternehmerfamilie Gassner ist seit 4 Jahrzehnten in der Verlags-, Markenberatungs &#8211; und Kommunikationsbranche mit Schwerpunkt Deutschland, \u00d6sterreich und Schweiz erfolgreich. Im Fr\u00fchjahr 2010 fiel der Startschu\u00df in eine neue \u00c4ra: die Entwicklung von &#8222;trendguide&#8220; zu einer crossmedialen Infoplattform f\u00fcr herausragende Leistungen.Mit dieser Plattform bieten wir sowohl ambitionierten Journalisten und Medienmachern als auch einem ausgew\u00e4hlten [&hellip;]\" \/>\n<meta property=\"og:url\" content=\"https:\/\/trendguide.info\/en\/ueber-uns\/\" \/>\n<meta property=\"og:site_name\" content=\"Trendguide\" \/>\n<meta property=\"article:modified_time\" content=\"2025-01-15T14:14:08+00:00\" \/>\n<meta property=\"og:image\" content=\"https:\/\/trendguide.info\/wp-content\/uploads\/2021\/10\/kurt-f-gassner-scaled-e1634745546145.jpg\" \/>\n\t<meta property=\"og:image:width\" content=\"500\" \/>\n\t<meta property=\"og:image:height\" content=\"334\" \/>\n\t<meta property=\"og:image:type\" content=\"image\/jpeg\" \/>\n<meta name=\"twitter:card\" content=\"summary_large_image\" \/>\n<meta name=\"twitter:label1\" content=\"Estimated reading time\" \/>\n\t<meta name=\"twitter:data1\" content=\"2 minutes\" \/>\n<script type=\"application\/ld+json\" class=\"yoast-schema-graph\">{\"@context\":\"https:\\\/\\\/schema.org\",\"@graph\":[{\"@type\":\"WebPage\",\"@id\":\"https:\\\/\\\/trendguide.info\\\/ueber-uns\\\/\",\"url\":\"https:\\\/\\\/trendguide.info\\\/ueber-uns\\\/\",\"name\":\"\u00dcber uns - Trendguide\",\"isPartOf\":{\"@id\":\"https:\\\/\\\/trendguide.info\\\/#website\"},\"primaryImageOfPage\":{\"@id\":\"https:\\\/\\\/trendguide.info\\\/ueber-uns\\\/#primaryimage\"},\"image\":{\"@id\":\"https:\\\/\\\/trendguide.info\\\/ueber-uns\\\/#primaryimage\"},\"thumbnailUrl\":\"https:\\\/\\\/trendguide.info\\\/wp-content\\\/uploads\\\/2021\\\/10\\\/kurt-f-gassner-300x200.jpg\",\"datePublished\":\"2018-05-23T11:43:34+00:00\",\"dateModified\":\"2025-01-15T14:14:08+00:00\",\"breadcrumb\":{\"@id\":\"https:\\\/\\\/trendguide.info\\\/ueber-uns\\\/#breadcrumb\"},\"inLanguage\":\"en-GB\",\"potentialAction\":[{\"@type\":\"ReadAction\",\"target\":[\"https:\\\/\\\/trendguide.info\\\/ueber-uns\\\/\"]}]},{\"@type\":\"ImageObject\",\"inLanguage\":\"en-GB\",\"@id\":\"https:\\\/\\\/trendguide.info\\\/ueber-uns\\\/#primaryimage\",\"url\":\"https:\\\/\\\/trendguide.info\\\/wp-content\\\/uploads\\\/2021\\\/10\\\/kurt-f-gassner-300x200.jpg\",\"contentUrl\":\"https:\\\/\\\/trendguide.info\\\/wp-content\\\/uploads\\\/2021\\\/10\\\/kurt-f-gassner-300x200.jpg\"},{\"@type\":\"BreadcrumbList\",\"@id\":\"https:\\\/\\\/trendguide.info\\\/ueber-uns\\\/#breadcrumb\",\"itemListElement\":[{\"@type\":\"ListItem\",\"position\":1,\"name\":\"Startseite\",\"item\":\"https:\\\/\\\/trendguide.info\\\/\"},{\"@type\":\"ListItem\",\"position\":2,\"name\":\"\u00dcber uns\"}]},{\"@type\":\"WebSite\",\"@id\":\"https:\\\/\\\/trendguide.info\\\/#website\",\"url\":\"https:\\\/\\\/trendguide.info\\\/\",\"name\":\"Trendguide\",\"description\":\"Dein F\u00fchrer durch die Stadt\",\"potentialAction\":[{\"@type\":\"SearchAction\",\"target\":{\"@type\":\"EntryPoint\",\"urlTemplate\":\"https:\\\/\\\/trendguide.info\\\/?s={search_term_string}\"},\"query-input\":{\"@type\":\"PropertyValueSpecification\",\"valueRequired\":true,\"valueName\":\"search_term_string\"}}],\"inLanguage\":\"en-GB\"}]}<\/script>\n<!-- \/ Yoast SEO plugin. -->","yoast_head_json":{"title":"\u00dcber uns - Trendguide","robots":{"index":"index","follow":"follow","max-snippet":"max-snippet:-1","max-image-preview":"max-image-preview:large","max-video-preview":"max-video-preview:-1"},"canonical":"https:\/\/trendguide.info\/en\/ueber-uns\/","og_locale":"en_GB","og_type":"article","og_title":"\u00dcber uns - Trendguide","og_description":"Die Unternehmerfamilie Gassner ist seit 4 Jahrzehnten in der Verlags-, Markenberatungs &#8211; und Kommunikationsbranche mit Schwerpunkt Deutschland, \u00d6sterreich und Schweiz erfolgreich. Im Fr\u00fchjahr 2010 fiel der Startschu\u00df in eine neue \u00c4ra: die Entwicklung von &#8222;trendguide&#8220; zu einer crossmedialen Infoplattform f\u00fcr herausragende Leistungen.Mit dieser Plattform bieten wir sowohl ambitionierten Journalisten und Medienmachern als auch einem ausgew\u00e4hlten [&hellip;]","og_url":"https:\/\/trendguide.info\/en\/ueber-uns\/","og_site_name":"Trendguide","article_modified_time":"2025-01-15T14:14:08+00:00","og_image":[{"width":500,"height":334,"url":"https:\/\/trendguide.info\/wp-content\/uploads\/2021\/10\/kurt-f-gassner-scaled-e1634745546145.jpg","type":"image\/jpeg"}],"twitter_card":"summary_large_image","twitter_misc":{"Estimated reading time":"2 minutes"},"schema":{"@context":"https:\/\/schema.org","@graph":[{"@type":"WebPage","@id":"https:\/\/trendguide.info\/ueber-uns\/","url":"https:\/\/trendguide.info\/ueber-uns\/","name":"\u00dcber uns - Trendguide","isPartOf":{"@id":"https:\/\/trendguide.info\/#website"},"primaryImageOfPage":{"@id":"https:\/\/trendguide.info\/ueber-uns\/#primaryimage"},"image":{"@id":"https:\/\/trendguide.info\/ueber-uns\/#primaryimage"},"thumbnailUrl":"https:\/\/trendguide.info\/wp-content\/uploads\/2021\/10\/kurt-f-gassner-300x200.jpg","datePublished":"2018-05-23T11:43:34+00:00","dateModified":"2025-01-15T14:14:08+00:00","breadcrumb":{"@id":"https:\/\/trendguide.info\/ueber-uns\/#breadcrumb"},"inLanguage":"en-GB","potentialAction":[{"@type":"ReadAction","target":["https:\/\/trendguide.info\/ueber-uns\/"]}]},{"@type":"ImageObject","inLanguage":"en-GB","@id":"https:\/\/trendguide.info\/ueber-uns\/#primaryimage","url":"https:\/\/trendguide.info\/wp-content\/uploads\/2021\/10\/kurt-f-gassner-300x200.jpg","contentUrl":"https:\/\/trendguide.info\/wp-content\/uploads\/2021\/10\/kurt-f-gassner-300x200.jpg"},{"@type":"BreadcrumbList","@id":"https:\/\/trendguide.info\/ueber-uns\/#breadcrumb","itemListElement":[{"@type":"ListItem","position":1,"name":"Startseite","item":"https:\/\/trendguide.info\/"},{"@type":"ListItem","position":2,"name":"\u00dcber uns"}]},{"@type":"WebSite","@id":"https:\/\/trendguide.info\/#website","url":"https:\/\/trendguide.info\/","name":"Trendguide","description":"Your guide through the city","potentialAction":[{"@type":"SearchAction","target":{"@type":"EntryPoint","urlTemplate":"https:\/\/trendguide.info\/?s={search_term_string}"},"query-input":{"@type":"PropertyValueSpecification","valueRequired":true,"valueName":"search_term_string"}}],"inLanguage":"en-GB"}]}},"_links":{"self":[{"href":"https:\/\/trendguide.info\/en\/wp-json\/wp\/v2\/pages\/319","targetHints":{"allow":["GET"]}}],"collection":[{"href":"https:\/\/trendguide.info\/en\/wp-json\/wp\/v2\/pages"}],"about":[{"href":"https:\/\/trendguide.info\/en\/wp-json\/wp\/v2\/types\/page"}],"author":[{"embeddable":true,"href":"https:\/\/trendguide.info\/en\/wp-json\/wp\/v2\/users\/3"}],"replies":[{"embeddable":true,"href":"https:\/\/trendguide.info\/en\/wp-json\/wp\/v2\/comments?post=319"}],"version-history":[{"count":7,"href":"https:\/\/trendguide.info\/en\/wp-json\/wp\/v2\/pages\/319\/revisions"}],"predecessor-version":[{"id":1428,"href":"https:\/\/trendguide.info\/en\/wp-json\/wp\/v2\/pages\/319\/revisions\/1428"}],"wp:attachment":[{"href":"https:\/\/trendguide.info\/en\/wp-json\/wp\/v2\/media?parent=319"}],"curies":[{"name":"wp","href":"https:\/\/api.w.org\/{rel}","templated":true}]}}